{"id":16,"date":"2014-07-15T20:18:25","date_gmt":"2014-07-15T18:18:25","guid":{"rendered":"http:\/\/daectest2.luftsportjugend-bremen.de\/?page_id=16"},"modified":"2015-05-20T16:22:25","modified_gmt":"2015-05-20T14:22:25","slug":"motorflug","status":"publish","type":"page","link":"https:\/\/daec-bremen.de\/?page_id=16","title":{"rendered":"Motorflug"},"content":{"rendered":"<p><strong>Das himmlische Paradies<\/strong><\/p>\n<p>Es beginnt in dem Moment, in dem die Pilotin oder der Pilot in die motorisierte Maschine klettert, um dem Alltag \u2013 gemeinsam mit Familie oder Freunden \u2013 zu entfliegen. \u00dcber dem in der Sonne glitzernden Wolkenmeer offenbart sich dann ein Bild unbegrenzter Sch\u00f6nheit. Dabei weisen moderne elektronische Navigationsinstrumente dem Piloten den Weg. Unvergessen bleiben Erlebnisse wie die Landung auf einem kleineren Grasflugplatz um Mitternacht am taghellen Polarkreis.<\/p>\n<p>Aber ganz egal, ob der Pilot nun einen Flugplatz der nahen Umgebung, irgendwo in Europa oder gar in Nordafrika ansteuert \u2013 eins ist sicher: Fremde Flieger werden fast \u00fcberall freundlich aufgenommen. H\u00e4ufig f\u00fchrt so ein Abstecher zu Gegenbesuchen, wodurch nicht selten langanhaltende Freundschaften entstehen. Was die sportliche Seite des Motorfliegen betrifft, so werden Rallyes mit vielf\u00e4ltigen Aufgaben, Kunstfluglehrg\u00e4nge und -wettbewerbe angeboten. Denn die Kunst des Fliegen \u2013 das ist das himmlische Paradies.<\/p>\n","protected":false},"excerpt":{"rendered":"<p>Das himmlische Paradies Es beginnt in dem Moment, in dem die Pilotin oder der Pilot in die motorisierte Maschine klettert, um dem Alltag \u2013 gemeinsam mit Familie oder Freunden \u2013 zu entfliegen. \u00dcber dem in der Sonne glitzernden Wolkenmeer offenbart sich dann ein Bild unbegrenzter Sch\u00f6nheit. Dabei weisen moderne elektronische Navigationsinstrumente dem Piloten den Weg. &hellip;<br \/><a href=\"https:\/\/daec-bremen.de\/?page_id=16\">Read more <span class=\"meta-nav\">&rarr;<\/span><\/a><\/p>\n","protected":false},"author":1,"featured_media":97,"parent":26,"menu_order":0,"comment_status":"closed","ping_status":"closed","template":"","meta":{"footnotes":""},"class_list":["post-16","page","type-page","status-publish","has-post-thumbnail","hentry"],"_links":{"self":[{"href":"https:\/\/daec-bremen.de\/index.php?rest_route=\/wp\/v2\/pages\/16","targetHints":{"allow":["GET"]}}],"collection":[{"href":"https:\/\/daec-bremen.de\/index.php?rest_route=\/wp\/v2\/pages"}],"about":[{"href":"https:\/\/daec-bremen.de\/index.php?rest_route=\/wp\/v2\/types\/page"}],"author":[{"embeddable":true,"href":"https:\/\/daec-bremen.de\/index.php?rest_route=\/wp\/v2\/users\/1"}],"replies":[{"embeddable":true,"href":"https:\/\/daec-bremen.de\/index.php?rest_route=%2Fwp%2Fv2%2Fcomments&post=16"}],"version-history":[{"count":2,"href":"https:\/\/daec-bremen.de\/index.php?rest_route=\/wp\/v2\/pages\/16\/revisions"}],"predecessor-version":[{"id":48,"href":"https:\/\/daec-bremen.de\/index.php?rest_route=\/wp\/v2\/pages\/16\/revisions\/48"}],"up":[{"embeddable":true,"href":"https:\/\/daec-bremen.de\/index.php?rest_route=\/wp\/v2\/pages\/26"}],"wp:featuredmedia":[{"embeddable":true,"href":"https:\/\/daec-bremen.de\/index.php?rest_route=\/wp\/v2\/media\/97"}],"wp:attachment":[{"href":"https:\/\/daec-bremen.de\/index.php?rest_route=%2Fwp%2Fv2%2Fmedia&parent=16"}],"curies":[{"name":"wp","href":"https:\/\/api.w.org\/{rel}","templated":true}]}}