{"id":55,"date":"2015-05-20T10:55:16","date_gmt":"2015-05-20T08:55:16","guid":{"rendered":"http:\/\/daectest2.luftsportjugend-bremen.de\/?page_id=55"},"modified":"2015-05-20T10:59:27","modified_gmt":"2015-05-20T08:59:27","slug":"modellflug","status":"publish","type":"page","link":"https:\/\/daec-bremen.de\/?page_id=55","title":{"rendered":"Modellflug"},"content":{"rendered":"<p><strong>Luftsport auf hohem Niveau<\/strong><\/p>\n<p>Dass Modellflug keine Kinderei, sondern eine mehr als ernst zu nehmende Luftsportart darstellt, wird immer wieder mit erstaunen festgestellt. Der einzige Unterschied zu allen anderen Luftsportarten besteht darin, dass der Pilot sein Flugobjekt \u2013 ob Motor-, Segelflugzeug oder Hubschrauber \u2013 vom Boden aus steuert.<\/p>\n<p>Und das erfordert h\u00f6chste Konzentration. Denn der Pilot muss sich gedanklich in die st\u00e4ndig wechselnde Fluglage seines Modells hineinversetzen. Fr\u00fcher oder sp\u00e4ter baut jeder Modellflugsportler seine Flugzeuge selbst. Insbesondere beim Einbau der Steuerung und Lenkung ist viel handwerkliches Geschick erforderlich. Und wenn das Erstlingswerk dann Premiere hat und in den Himmel steigt, kann man garantiert ein strahlendes Leuchten in den Augen seines Erbauers entdecken. Da es beim Modellflugsport weniger auf k\u00f6rperliche als auf geistige Beweglichkeit ankommt, haben Rollstuhlfahrer bei regionalen Wettbewerben und Weltmeisterschaften die gleichen Chancen wie andere Modellflieger auch.<\/p>\n","protected":false},"excerpt":{"rendered":"<p>Luftsport auf hohem Niveau Dass Modellflug keine Kinderei, sondern eine mehr als ernst zu nehmende Luftsportart darstellt, wird immer wieder mit erstaunen festgestellt. Der einzige Unterschied zu allen anderen Luftsportarten besteht darin, dass der Pilot sein Flugobjekt \u2013 ob Motor-, Segelflugzeug oder Hubschrauber \u2013 vom Boden aus steuert. Und das erfordert h\u00f6chste Konzentration. Denn der &hellip;<br \/><a href=\"https:\/\/daec-bremen.de\/?page_id=55\">Read more <span class=\"meta-nav\">&rarr;<\/span><\/a><\/p>\n","protected":false},"author":1,"featured_media":0,"parent":26,"menu_order":0,"comment_status":"closed","ping_status":"closed","template":"","meta":{"footnotes":""},"class_list":["post-55","page","type-page","status-publish","hentry"],"_links":{"self":[{"href":"https:\/\/daec-bremen.de\/index.php?rest_route=\/wp\/v2\/pages\/55","targetHints":{"allow":["GET"]}}],"collection":[{"href":"https:\/\/daec-bremen.de\/index.php?rest_route=\/wp\/v2\/pages"}],"about":[{"href":"https:\/\/daec-bremen.de\/index.php?rest_route=\/wp\/v2\/types\/page"}],"author":[{"embeddable":true,"href":"https:\/\/daec-bremen.de\/index.php?rest_route=\/wp\/v2\/users\/1"}],"replies":[{"embeddable":true,"href":"https:\/\/daec-bremen.de\/index.php?rest_route=%2Fwp%2Fv2%2Fcomments&post=55"}],"version-history":[{"count":1,"href":"https:\/\/daec-bremen.de\/index.php?rest_route=\/wp\/v2\/pages\/55\/revisions"}],"predecessor-version":[{"id":56,"href":"https:\/\/daec-bremen.de\/index.php?rest_route=\/wp\/v2\/pages\/55\/revisions\/56"}],"up":[{"embeddable":true,"href":"https:\/\/daec-bremen.de\/index.php?rest_route=\/wp\/v2\/pages\/26"}],"wp:attachment":[{"href":"https:\/\/daec-bremen.de\/index.php?rest_route=%2Fwp%2Fv2%2Fmedia&parent=55"}],"curies":[{"name":"wp","href":"https:\/\/api.w.org\/{rel}","templated":true}]}}