{"id":62,"date":"2015-05-20T11:03:25","date_gmt":"2015-05-20T09:03:25","guid":{"rendered":"http:\/\/daectest2.luftsportjugend-bremen.de\/?page_id=62"},"modified":"2022-06-02T21:24:24","modified_gmt":"2022-06-02T19:24:24","slug":"ansprechpartner","status":"publish","type":"page","link":"https:\/\/daec-bremen.de\/?page_id=62","title":{"rendered":"Ansprechpartner"},"content":{"rendered":"<table border=\"0\" width=\"100%\" cellspacing=\"2\" cellpadding=\"3\">\n<tbody>\n<tr>\n<td colspan=\"3\" bgcolor=\"#0E73B8\">\u00a0\u00a0<b><span style=\"color: #ffffff; font-size: medium;\">Der Vorstand<\/span><\/b><\/td>\n<\/tr>\n<tr>\n<td valign=\"top\"><b>Ehrenpr\u00e4sident<\/b><br \/>\n<a href=\"javascript:secureDecryptAndNavigate('Ith1Fh7knobcUB+XjK47V83AH3EgOWBnA4tYhdTOM2eBxeE6FGZf3i0ag+r1n3WWFOP1UWbqrG4OgR0UX9amKYwhTn9Y+TxySGYE3DMej5uz', 'e8180b3137ec516c83b976949f08eae6f863a30dbc7678bf74b9c3492e858750')\">Werner Redecker<\/a><\/td>\n<td valign=\"top\">Bahnhofstr.32<br \/>\n28553 Dornum<\/td>\n<td valign=\"top\">T\u00a0 04933 &#8211; 622<br \/>\nF\u00a0 04933 &#8211; 914376<\/td>\n<\/tr>\n<tr>\n<td valign=\"top\"><b>Pr\u00e4sident<\/b><br \/>\n<a href=\"javascript:secureDecryptAndNavigate('WWtXT+UDeEhEmUWdEpiVi2Vo2WsKHk+BNowOXZF7VYY1SVzrEEqE8wNYJuNJvHvuD2gCMuC6T1feyXfptmHMP2bx\/LyxviPxcJesBvY=', 'e8180b3137ec516c83b976949f08eae6f863a30dbc7678bf74b9c3492e858750') \">Detlev Thamm<\/a><\/td>\n<td valign=\"top\">Am Bienenschauer 9<br \/>\n27777 Ganderkesee<\/td>\n<td valign=\"top\">T 0422 &#8211; 2947396<\/td>\n<\/tr>\n<tr>\n<td valign=\"top\"><b>Vizepr\u00e4sident<\/b><br \/>\n<a href=\"javascript:secureDecryptAndNavigate('Tey5nSZY9PM4LZUnBruRVBI6DoxjHwR1FG4UQYALhbXu0uEAd5vdl3HgedFNdk7o4Sgy\/PCtu5YFPl2ZL4Of7RAOG6uERhwnfLo=', 'e8180b3137ec516c83b976949f08eae6f863a30dbc7678bf74b9c3492e858750')\">Dr. Petra R\u00fchenbeck<\/a><\/td>\n<td valign=\"top\">Ammerl\u00e4nder Str. 7<br \/>\n28259 Bremen<\/td>\n<td valign=\"top\">T 0421 &#8211; 513113<br \/>\nM 0160 &#8211; 6100336<\/td>\n<\/tr>\n<tr>\n<td valign=\"top\"><b>Schatzmeister<\/b><br \/>\n<a href=\"javascript:secureDecryptAndNavigate('tIF1KbqoqRnSTj7zqhl7leFS17o6Ofx\/W6+F5\/tYwQ4JSj4VdD0h9LCoAu2fAW57qUf71KTROWdbxuJ0dQMnP+IrQHb94M6yLf4B1rtYOr0=', 'e8180b3137ec516c83b976949f08eae6f863a30dbc7678bf74b9c3492e858750')\">Christian Vetter<\/a><\/td>\n<td valign=\"top\">Kleistra\u00dfe 22<br \/>\n28201 Bremen<\/td>\n<td valign=\"top\">T 0421-28024660<br \/>\nM 0157-32086464<\/td>\n<\/tr>\n<tr>\n<td valign=\"top\"><b>Schriftf\u00fchrer,<br \/>\nWebseiten<\/b><br \/>\n<a href=\"javascript:secureDecryptAndNavigate('ZBcaswVbcCiPgl7jYew+mmPn3QTA8NtujyZlCVEA8VS3FIwQsON9j5PW9Ok079q4eBIGkbRi8t0IHhyAbX6ppW3CEzDfHVENE8dJSLJY1hFWuA==', 'e8180b3137ec516c83b976949f08eae6f863a30dbc7678bf74b9c3492e858750')\">Tim R\u00fchenbeck<\/a><\/td>\n<td valign=\"top\">Krumh\u00f6rnweg 13<br \/>\n28259 Bremen<\/td>\n<td valign=\"top\">M 0178 &#8211; 8993540<\/td>\n<\/tr>\n<tr>\n<td valign=\"top\"><b>Beisitzer<\/b><br \/>\n<a href=\"javascript:secureDecryptAndNavigate('oQKozdMULYrBEBFv6L30yBIJjop7slY\/NNq5laqlsen7OUWf6sFLkedD7jsHmqhqCwk0Vbhv6D9bjJcpDBEgMhwTVi2yNMapBXmUQVjQ5q5hEKUvo74RHQo=', 'e8180b3137ec516c83b976949f08eae6f863a30dbc7678bf74b9c3492e858750')\">Rolf Struckmeyer<\/a><\/td>\n<td valign=\"top\">Bahnhofstr. 10<br \/>\n27412 Wilstedt<\/td>\n<td valign=\"top\">T 04283 &#8211; 5109<br \/>\nM 0160 &#8211; 91347364<\/td>\n<\/tr>\n<tr>\n<td valign=\"top\"><b>Beisitzer<\/b><br \/>\n<a href=\"javascript:secureDecryptAndNavigate('5RX\/hESO4k1MqWDYgLYChnWCsJoTsPu0hHsN\/5\/b9P4gZ42yowT9oxGf9gKfWit8mn2O5eyQM2SU5NH7lkYtvOirRKH32pQTfZ1O', 'e8180b3137ec516c83b976949f08eae6f863a30dbc7678bf74b9c3492e858750')\">Jan Dirk Simon<\/a><\/td>\n<td valign=\"top\">Kurt-Schumacher-Allee 1E<br \/>\n28329 Bremen<\/td>\n<td valign=\"top\">M 0162 &#8211; 3367750<\/td>\n<\/tr>\n<tr>\n<td colspan=\"3\" bgcolor=\"#0E73B8\">\u00a0\u00a0<b><span style=\"color: #ffffff; font-size: medium;\">Pr\u00e4sidium<\/span><\/b><\/td>\n<\/tr>\n<tr>\n<td valign=\"top\"><b>Gleitschirmfliegen,<br \/>\nH\u00e4ngegleiten<\/b><br \/>\n<a href=\"javascript:secureDecryptAndNavigate('IXaxb5Rrd438b659ISoWZFv1J4PtY\/DHXwh66VNLrPGkqusLtGs2F5YqdOcR+rn3RQiBuOLTViL8X5+lQeUrdXIPaNSsggIq97hllFQ=', 'e8180b3137ec516c83b976949f08eae6f863a30dbc7678bf74b9c3492e858750')\">Helmut Giesen<\/a><\/td>\n<td valign=\"top\">Heinrich-Heine-Str. 74<br \/>\n28211 Bremen<\/td>\n<td valign=\"top\">T 0421-230839<\/td>\n<\/tr>\n<tr>\n<td valign=\"top\"><b>Modellflug<\/b><br \/>\n<a href=\"javascript:secureDecryptAndNavigate('y\/a9B1fDaHqJrb9wiCIC0qCUa+SmcjNJBOZ4kCNnkKlUZvBlyLkkm7cTb3CTLuCs568+4IOAqiVfMbrLDXbxF+o\/akT8y8du5J4=', 'e8180b3137ec516c83b976949f08eae6f863a30dbc7678bf74b9c3492e858750')\">Dirk Masnick<\/a><\/td>\n<td valign=\"top\">Hamburger Str. 70<br \/>\n28205 Bremen<\/td>\n<td valign=\"top\">T 0421 &#8211; 498 9051<\/td>\n<\/tr>\n<tr>\n<td valign=\"top\"><b>Motorflug<\/b><br \/>\n<a href=\"javascript:secureDecryptAndNavigate('zdcbvYmFZbksx6c6mw8GHbeoiKqYYb9\/bNSH4tfbnREZZdKVMw3\/Wo1txUuDZSiGQ1MU1102rxdNBzOTRvQ3r7185EJENoZNO9CGUArJgVKuNPcG02dAqQ==', 'e8180b3137ec516c83b976949f08eae6f863a30dbc7678bf74b9c3492e858750')\">Udo Schulz<\/a><\/td>\n<td valign=\"top\">Stendorfer Str. 12<br \/>\n27721 Ritterhude<\/td>\n<td valign=\"top\"><\/td>\n<\/tr>\n<tr>\n<td valign=\"top\"><b>Segelflug \/ Motorsegler<\/b><br \/>\n<a href=\"javascript:secureDecryptAndNavigate('\/I\/iTPCXEBEve+NCGnrdGy1vuYJQVcdd+IsXKusMcND1RPeQQSQSCE67Z5XM9j3aqrOGOmri7y8a9HBaNSlLj1BCT4mko\/QvE90=', 'e8180b3137ec516c83b976949f08eae6f863a30dbc7678bf74b9c3492e858750')\">Petra R\u00fchenbeck<\/a><\/td>\n<td valign=\"top\">Ammerl\u00e4nder Str. 7<br \/>\n28259 Bremen<\/td>\n<td valign=\"top\">T 0421 &#8211; 513113<br \/>\nM 0160 &#8211; 6100336<\/td>\n<\/tr>\n<tr>\n<td valign=\"top\"><b>Ultraleicht<\/b><br \/>\n<a href=\"javascript:secureDecryptAndNavigate('ux7A8lXE7nwPyHD+IEV1Ec90CoMEdmB8zjsssZSF+TiVPG+DULtOsA6n4Ea1VuxwsUORiDESe\/yfdmwutVUlupuZUaA6\/aQa2t4c\/3PD508J', 'e8180b3137ec516c83b976949f08eae6f863a30dbc7678bf74b9c3492e858750')\">Wolfgang Lintl<\/a><\/td>\n<td valign=\"top\">Harzburger Str. 1<br \/>\n28205 Bremen<\/td>\n<td valign=\"top\">T 0421-498 58 25<\/td>\n<\/tr>\n<tr>\n<td colspan=\"3\" bgcolor=\"#0E73B8\">\u00a0\u00a0<b><span style=\"color: #ffffff; font-size: medium;\">Beirat<\/span><\/b><\/td>\n<\/tr>\n<tr>\n<td valign=\"top\"><b>Aus- und Weiterbildung<\/b><br \/>\n<a href=\"javascript:secureDecryptAndNavigate('hVAjgA0c8iFDGu1qxx\/2z5YcYlTc48DNV5up55Q400mwxkYUeUZbkWR3SaOdmABUSkqk3MStkLOOwAXcD\/xCBNPun9WWTA4rPgw=', 'e8180b3137ec516c83b976949f08eae6f863a30dbc7678bf74b9c3492e858750')\">Petra R\u00fchenbeck<\/a><\/td>\n<td valign=\"top\">Ammerl\u00e4nder Str. 7<br \/>\n28259 Bremen<\/td>\n<td valign=\"top\">T 0421 &#8211; 513113<br \/>\nM 0160 &#8211; 6100336<\/td>\n<\/tr>\n<tr>\n<td valign=\"top\"><b>Frauen<\/b><\/td>\n<td valign=\"top\">z.Zt. nicht besetzt<\/td>\n<td valign=\"top\"><\/td>\n<\/tr>\n<tr>\n<td valign=\"top\"><b>Jugendleiter,<br \/>\nRef. Luftfahrt und Schule<\/b><br \/>\n<a href=\"javascript:secureDecryptAndNavigate('ZAV6mgHs0vnatCcTMtAykivIQEfaFxt420VaP9QKXTHmBK8f1Lf9Lc9xvBz+oh74LStOaq4VWuZNIrUU6Z4rtefOI1vHI+UkG7KX34SbIGL3', 'e8180b3137ec516c83b976949f08eae6f863a30dbc7678bf74b9c3492e858750')\">Sebastian Simon<\/a><\/td>\n<td valign=\"top\">Am K\u00f6hlerbruch 11<br \/>\n28844 Weyhe<\/td>\n<td valign=\"top\">M 0176 34310721<\/td>\n<\/tr>\n<tr>\n<td valign=\"top\"><b>\u00d6ffentlichkeitsarbeit<\/b><br \/>\n<a href=\"javascript:secureDecryptAndNavigate('7RRPdrwDoitd0aWTkOb0eUJiznc44y9QckJpvEvK8Agfq+Pdp6FdkAMQ4hJwu8BZ6QDJCI7c2tk68GdIaHbXFDrFM4dO\/Cuv+bOHVxU=', 'e8180b3137ec516c83b976949f08eae6f863a30dbc7678bf74b9c3492e858750')\">Ralf-Michael Hubert<\/a><\/td>\n<td valign=\"top\">Hermannsburg 88<br \/>\n28259 Bremen<\/td>\n<td valign=\"top\">T 0421 &#8211; 55 39 11<br \/>\nF 0421 &#8211; 18 057<\/td>\n<\/tr>\n<tr>\n<td valign=\"top\"><b>Umwelt<\/b><br \/>\n<a href=\"javascript:secureDecryptAndNavigate('VbVMgDCayFN\/roPPahR5fXZkKnDbqLDleCr3iFCLv0DMIN07qsVwsaauH6BRhMXPnI0ajJ88aZRUjBWjvnN0ViKGu8ggHoRPm99YmxM=', 'e8180b3137ec516c83b976949f08eae6f863a30dbc7678bf74b9c3492e858750')\">Helmut Giesen<\/a><\/td>\n<td valign=\"top\">Heinrich-Heine-Str. 74<br \/>\n28211 Bremen<\/td>\n<td valign=\"top\">T 0421 &#8211; 230839<\/td>\n<\/tr>\n<tr>\n<td valign=\"top\"><b>Technik, Pr\u00fcfleiter<\/b><br \/>\n<a href=\"javascript:secureDecryptAndNavigate('vjxrnTuOqUSMqIJOJWeM0XrXRvECQfjSqZpXwnBJkx9RsJir2U\/SQAT6sxbaPW5VakDIJ29pTwZaLJ+Lyrw1yF5V267FTFSe5BD4OASZT+o=', 'e8180b3137ec516c83b976949f08eae6f863a30dbc7678bf74b9c3492e858750')\">Herbert Kahlenberg<\/a><\/td>\n<td valign=\"top\">Badener Holz 75<br \/>\n28832 Achim<\/td>\n<td valign=\"top\">T 04202-76 154<\/td>\n<\/tr>\n<tr>\n<td colspan=\"3\" bgcolor=\"#0E73B8\">\u00a0\u00a0<b><span style=\"color: #ffffff; font-size: medium;\">Segelflug<\/span><\/b><\/td>\n<\/tr>\n<tr>\n<td valign=\"top\"><b>Landesauswerter<\/b><br \/>\n<a href=\"javascript:secureDecryptAndNavigate('m+glsMwGMB3vGV1vBEAZnFsi5JtOINJKHPQDeX+iA44zlM\/681irLVnt6fFj1TewAAB80xmGdZQVfty+mrmEuuLToq\/AEIVQZScCq3gfRggCdYX5kObELe+wayBQ', 'e8180b3137ec516c83b976949f08eae6f863a30dbc7678bf74b9c3492e858750')\">Bj\u00f6rn-Christian Michaelis<\/a><\/td>\n<td valign=\"top\">Hammeweg 65A<br \/>\n27412 Tarmstedt<\/td>\n<td valign=\"top\">M 0152 &#8211; 56141419<\/td>\n<\/tr>\n<tr>\n<td valign=\"top\"><b>Landestrainer<\/b><br \/>\n<a href=\"javascript:secureDecryptAndNavigate('ZtXLQUvSS4tNETWQ568gGzP595bxfNmGWDwwA8keK6RLZw1SlulgIc\/ZpF2kNKo9hqaLmVYsZVWnPHpZWse\/qVuKZ\/660NSwNM1J+rCDoA==', 'e8180b3137ec516c83b976949f08eae6f863a30dbc7678bf74b9c3492e858750')\">Finn Weink\u00f6tz<\/a><\/td>\n<td valign=\"top\">Albrechtstra\u00dfe 22<br \/>\n28203 Bremen<\/td>\n<td valign=\"top\">M 0176 &#8211; 62526624<\/td>\n<\/tr>\n<tr>\n<td colspan=\"3\" bgcolor=\"#0E73B8\">\u00a0\u00a0<b><span style=\"color: #ffffff; font-size: medium;\">Kunstflug<\/span><\/b><\/td>\n<\/tr>\n<tr>\n<td valign=\"top\"><b>Kunstflug<\/b><br \/>\n<a href=\"javascript:secureDecryptAndNavigate('yunlZ8sNilnva4Qp6dP+N4GeaikmqPf+QTsNcTL6bnQJr4WE+ndCN2oEjAGKE9+XrdhqrZV9+xqrMx7AOED3yaPMI5mKYoGL5gPPc4NSOMka7g==', 'e8180b3137ec516c83b976949f08eae6f863a30dbc7678bf74b9c3492e858750')\">Julian Reinke<\/a><\/td>\n<td valign=\"top\">Butlandskamp 18<br \/>\n28357 Bremen<\/td>\n<td valign=\"top\">M 0176 &#8211; 45830177<\/td>\n<\/tr>\n<\/tbody>\n<\/table>\n","protected":false},"excerpt":{"rendered":"<p>\u00a0\u00a0Der Vorstand Ehrenpr\u00e4sident Werner Redecker Bahnhofstr.32 28553 Dornum T\u00a0 04933 &#8211; 622 F\u00a0 04933 &#8211; 914376 Pr\u00e4sident Detlev Thamm Am Bienenschauer 9 27777 Ganderkesee T 0422 &#8211; 2947396 Vizepr\u00e4sident Dr. Petra R\u00fchenbeck Ammerl\u00e4nder Str. 7 28259 Bremen T 0421 &#8211; 513113 M 0160 &#8211; 6100336 Schatzmeister Christian Vetter Kleistra\u00dfe 22 28201 Bremen T 0421-28024660 M &hellip;<br \/><a href=\"https:\/\/daec-bremen.de\/?page_id=62\">Read more <span class=\"meta-nav\">&rarr;<\/span><\/a><\/p>\n","protected":false},"author":1,"featured_media":0,"parent":0,"menu_order":0,"comment_status":"closed","ping_status":"closed","template":"","meta":{"footnotes":""},"class_list":["post-62","page","type-page","status-publish","hentry"],"_links":{"self":[{"href":"https:\/\/daec-bremen.de\/index.php?rest_route=\/wp\/v2\/pages\/62","targetHints":{"allow":["GET"]}}],"collection":[{"href":"https:\/\/daec-bremen.de\/index.php?rest_route=\/wp\/v2\/pages"}],"about":[{"href":"https:\/\/daec-bremen.de\/index.php?rest_route=\/wp\/v2\/types\/page"}],"author":[{"embeddable":true,"href":"https:\/\/daec-bremen.de\/index.php?rest_route=\/wp\/v2\/users\/1"}],"replies":[{"embeddable":true,"href":"https:\/\/daec-bremen.de\/index.php?rest_route=%2Fwp%2Fv2%2Fcomments&post=62"}],"version-history":[{"count":29,"href":"https:\/\/daec-bremen.de\/index.php?rest_route=\/wp\/v2\/pages\/62\/revisions"}],"predecessor-version":[{"id":154,"href":"https:\/\/daec-bremen.de\/index.php?rest_route=\/wp\/v2\/pages\/62\/revisions\/154"}],"wp:attachment":[{"href":"https:\/\/daec-bremen.de\/index.php?rest_route=%2Fwp%2Fv2%2Fmedia&parent=62"}],"curies":[{"name":"wp","href":"https:\/\/api.w.org\/{rel}","templated":true}]}}