{"id":65,"date":"2015-05-20T11:16:17","date_gmt":"2015-05-20T09:16:17","guid":{"rendered":"http:\/\/daectest2.luftsportjugend-bremen.de\/?page_id=65"},"modified":"2018-08-24T19:09:28","modified_gmt":"2018-08-24T17:09:28","slug":"impressum","status":"publish","type":"page","link":"https:\/\/daec-bremen.de\/?page_id=65","title":{"rendered":"Impressum"},"content":{"rendered":"<p><strong>Herausgeber der Homepage:<\/strong><\/p>\n<p>DEUTSCHER AERO CLUB\u00a0LANDESVERBAND\u00a0BREMEN E.V.<br \/>\nFACHVERBAND IM LSB BREMEN E. V.<br \/>\nAm Bienenschauer 9<br \/>\n27777 Ganderkesee<br \/>\nwww.daec-bremen.de<br \/>\nPr\u00e4sident: Detlev Thamm<\/p>\n<p>Eingetragener Verein beim<br \/>\nAmtsgericht Bremen<br \/>\nVereins Register Nr. 2185<\/p>\n<p><strong>Erkl\u00e4rung:<\/strong><br \/>\nWir haften nicht f\u00fcr den Inhalt der externen Internetseiten, zu denen wir Hyperlinks auf dieser Homepage geschaltet haben. Der Inhalt dieser Seiten entspricht nach unserer Kenntnis geltendem Recht. Die Inhalte dieser Seiten sind fremde Inhalte im Sinne des \u00a75 Abs.2 MDStv bzw. keine eigenen Inhalte gem. \u00a78 Abs.1 TDG. Von etwaigen Verst\u00f6ssen gegen Rechtsvorschriften oder Gesetze durch die gelinkten Internetseiten ist uns nichts bekannt. Sollten ohne unser Wissen auf solchen Seiten Rechtsverst\u00f6sse stattfinden, so distanzieren wir uns hiermit von diesen Rechtsverst\u00f6ssen. Des weiteren distanzieren wir uns von den Inhalten dieser Seiten, egal ob rechtswiedrig oder rechtm\u00e4ssig, da f\u00fcr diese Inhalte andere Betreiber verantwortlich sind, auf die wir keinen Einfluss nehmen k\u00f6nnen.<\/p>\n<p><strong>Keine Haftung:<\/strong><br \/>\nDie Inhalte dieses Webprojektes wurden sorgf\u00e4ltig gepr\u00fcft und nach bestem Wissen erstellt. Aber f\u00fcr die hier dargebotenen Informationen wird kein Anspruch auf Vollst\u00e4ndigkeit, Aktualit\u00e4t, Qualit\u00e4t und Richtigkeit erhoben. Es kann keine Verantwortung f\u00fcr Sch\u00e4den \u00fcbernommen werden, die durch das Vertrauen auf die Inhalte dieser Website oder deren Gebrauch entstehen.<\/p>\n<p><strong>Schutzrechtsverletzung:<\/strong><br \/>\nFalls Sie vermuten, dass von dieser Website aus eines Ihrer Schutzrechte verletzt wird, teilen Sie das bitte umgehend per elektronischer Post mit, damit z\u00fcgig Abhilfe geschafft werden kann.<\/p>\n","protected":false},"excerpt":{"rendered":"<p>Herausgeber der Homepage: DEUTSCHER AERO CLUB\u00a0LANDESVERBAND\u00a0BREMEN E.V. FACHVERBAND IM LSB BREMEN E. V. Am Bienenschauer 9 27777 Ganderkesee www.daec-bremen.de Pr\u00e4sident: Detlev Thamm Eingetragener Verein beim Amtsgericht Bremen Vereins Register Nr. 2185 Erkl\u00e4rung: Wir haften nicht f\u00fcr den Inhalt der externen Internetseiten, zu denen wir Hyperlinks auf dieser Homepage geschaltet haben. Der Inhalt dieser Seiten entspricht &hellip;<br \/><a href=\"https:\/\/daec-bremen.de\/?page_id=65\">Read more <span class=\"meta-nav\">&rarr;<\/span><\/a><\/p>\n","protected":false},"author":1,"featured_media":0,"parent":0,"menu_order":0,"comment_status":"closed","ping_status":"closed","template":"","meta":{"footnotes":""},"class_list":["post-65","page","type-page","status-publish","hentry"],"_links":{"self":[{"href":"https:\/\/daec-bremen.de\/index.php?rest_route=\/wp\/v2\/pages\/65","targetHints":{"allow":["GET"]}}],"collection":[{"href":"https:\/\/daec-bremen.de\/index.php?rest_route=\/wp\/v2\/pages"}],"about":[{"href":"https:\/\/daec-bremen.de\/index.php?rest_route=\/wp\/v2\/types\/page"}],"author":[{"embeddable":true,"href":"https:\/\/daec-bremen.de\/index.php?rest_route=\/wp\/v2\/users\/1"}],"replies":[{"embeddable":true,"href":"https:\/\/daec-bremen.de\/index.php?rest_route=%2Fwp%2Fv2%2Fcomments&post=65"}],"version-history":[{"count":3,"href":"https:\/\/daec-bremen.de\/index.php?rest_route=\/wp\/v2\/pages\/65\/revisions"}],"predecessor-version":[{"id":126,"href":"https:\/\/daec-bremen.de\/index.php?rest_route=\/wp\/v2\/pages\/65\/revisions\/126"}],"wp:attachment":[{"href":"https:\/\/daec-bremen.de\/index.php?rest_route=%2Fwp%2Fv2%2Fmedia&parent=65"}],"curies":[{"name":"wp","href":"https:\/\/api.w.org\/{rel}","templated":true}]}}