{"id":80,"date":"2015-05-20T15:20:28","date_gmt":"2015-05-20T13:20:28","guid":{"rendered":"http:\/\/daectest2.luftsportjugend-bremen.de\/?page_id=80"},"modified":"2025-10-28T10:27:11","modified_gmt":"2025-10-28T08:27:11","slug":"vereine","status":"publish","type":"page","link":"https:\/\/daec-bremen.de\/?page_id=80","title":{"rendered":"Vereine"},"content":{"rendered":"<table border=\"0\" width=\"100%\" cellspacing=\"2\" cellpadding=\"3\">\n<tbody>\n<tr>\n<th align=\"center\">Verein<\/th>\n<th align=\"center\">Sparten<\/th>\n<th align=\"center\">Gel\u00e4nde<\/th>\n<\/tr>\n<tr>\n<td valign=\"top\"><a href=\"javascript:secureDecryptAndNavigate('TwUMRQBBl8FlE+gJW623jeH4bCHhs5GhpmyjhCHCYt2NNGEbNdkX5sWKkuAU0UUNVS+5EUViJNqt7e3dGUIQy59KgPxs0G3kd\/XNspHbRZZG', 'e8180b3137ec516c83b976949f08eae6f863a30dbc7678bf74b9c3492e858750')\">Aeroclub Bremen e.V.<\/a><\/td>\n<td valign=\"top\">Motorsegler<\/td>\n<td valign=\"top\">Atlas Airfield, Ganderkesee<\/td>\n<\/tr>\n<tr>\n<td valign=\"top\"><a href=\"http:\/\/www.aero-club-bhv.de\" target=\"_blank\" rel=\"noopener\">Aero-Club Bremerhaven e.V.<\/a><\/td>\n<td valign=\"top\">Motorflug<\/td>\n<td valign=\"top\">Seeflughafen Nordholz<\/td>\n<\/tr>\n<tr>\n<td valign=\"top\"><a href=\"http:\/\/www.edwm.de\" target=\"_blank\" rel=\"noopener\">AIRBUS Flugsportgruppe Bremen e.V.<\/a><\/td>\n<td valign=\"top\">Motorflug<\/td>\n<td valign=\"top\">Verkehrslandeplatz Weser-W\u00fcmme<\/td>\n<\/tr>\n<tr>\n<td valign=\"top\"><a href=\"http:\/\/www.sfg-bremen.de\" target=\"_blank\" rel=\"noopener\">Airbus Segelfluggemeinschaft Bremen e.V.<\/a><\/td>\n<td valign=\"top\">Segelflug<\/td>\n<td valign=\"top\">Segelflugplatz Tarmstedt<\/td>\n<\/tr>\n<tr>\n<td rowspan=\"3\" valign=\"top\"><a href=\"http:\/\/bvl.aero\" target=\"_blank\" rel=\"noopener\">Bremer Verein f\u00fcr Luftfahrt e.V.<\/a><\/td>\n<td valign=\"top\">Motorflug<\/td>\n<td valign=\"top\">Flughafen Bremen<\/td>\n<\/tr>\n<tr>\n<td valign=\"top\">Segelflug<\/td>\n<td valign=\"top\">Segelfluggel\u00e4nde Osterholz-Scharmbeck<\/td>\n<\/tr>\n<tr>\n<td valign=\"top\">Ultraleicht<\/td>\n<td valign=\"top\">Flugplatz Rotenburg (W\u00fcmme)<\/td>\n<\/tr>\n<tr>\n<td valign=\"top\">Fallschirmsport Bremen e.V.<\/td>\n<td valign=\"top\">Fallschirm<\/td>\n<td valign=\"top\">\u00a0<\/td>\n<\/tr>\n<tr>\n<td valign=\"top\"><a href=\"http:\/\/www.fsv-albatros.de\/index.php\/homepage\" target=\"_blank\" rel=\"noopener\">Flugsportverein Albatros e.V.<\/a><\/td>\n<td valign=\"top\">Modellflug<\/td>\n<td valign=\"top\">Modellfluggel\u00e4nde\u00a0Okel<\/td>\n<\/tr>\n<tr>\n<td valign=\"top\">Leistungssport im Gleitschirm- und Drachenflug e.V.<\/td>\n<td valign=\"top\">Gleitschirm<\/td>\n<td valign=\"top\">\u00a0<\/td>\n<\/tr>\n<tr>\n<td valign=\"top\"><a href=\"javascript:secureDecryptAndNavigate('KbsaglqvHIFCn4OGBXOnmjpUarfcZ\/QtE69AP0KPDCVujW9kTHYiOlFJqsoDsKJOlT3TIM36guL5UeWhSQGMx+X4JA==', 'e8180b3137ec516c83b976949f08eae6f863a30dbc7678bf74b9c3492e858750')\">Leistungssport im Modellflug e. V.<\/a><\/td>\n<td valign=\"top\">Modellflug<\/td>\n<td valign=\"top\">\u00a0<\/td>\n<\/tr>\n<tr>\n<td valign=\"top\"><a href=\"http:\/\/www.lvu-bremerhaven.de\" target=\"_blank\" rel=\"noopener\">Luftfahrtverein Unterweser e.V.<\/a><\/td>\n<td valign=\"top\">Segelflug<\/td>\n<td valign=\"top\">Flugplatz Hellingst<\/td>\n<\/tr>\n<tr>\n<td valign=\"top\"><a href=\"http:\/\/www.edxu.de\" target=\"_blank\" rel=\"noopener\">Luftsportclub Niederweser e. V.<\/a><\/td>\n<td valign=\"top\">Motorsegler<\/td>\n<td valign=\"top\">Flugplatz H\u00fcttenbusch<\/td>\n<\/tr>\n<tr>\n<td valign=\"top\"><a href=\"http:\/\/www.lsc-niederweser.de\" target=\"_blank\" rel=\"noopener\">Luftsportclub Niederweser e. V.<\/a><\/td>\n<td valign=\"top\">Modellflug<\/td>\n<td valign=\"top\">Modellfluggel\u00e4nde\u00a0Hohenheide<\/td>\n<\/tr>\n<tr>\n<td valign=\"top\"><a href=\"javascript:secureDecryptAndNavigate('y4Cbkd+d2spazHgccFOeiL5cAFJsnpDx98on2sZQcI2vWM5cnQvvF0ieVuHJ4+mEps\/IU75zpW7TgTy9Hoixau5B5EJc0klOGfd6D65\/kEk=', 'e8180b3137ec516c83b976949f08eae6f863a30dbc7678bf74b9c3492e858750')\">Luftsportverein \u2013 Oldi \u2013 e.V.<\/a><\/td>\n<td valign=\"top\">Segelflug<\/td>\n<td valign=\"top\">Segelflugplatz Rostrup<\/td>\n<\/tr>\n<tr>\n<td valign=\"top\"><a href=\"http:\/\/www.msc-bremerhaven.de\" target=\"_blank\" rel=\"noopener\">Motorsegler- und Segelflug Club e.V.<\/a><\/td>\n<td valign=\"top\">Motorsegler<\/td>\n<td valign=\"top\">Flugplatz Blexen<\/td>\n<\/tr>\n<tr>\n<td valign=\"top\">Parasport Bremen e.V.<\/td>\n<td valign=\"top\">Fallschirm<\/td>\n<td valign=\"top\">\u00a0<\/td>\n<\/tr>\n<tr>\n<td valign=\"top\">Skydive Bremen e.V.<\/td>\n<td valign=\"top\">Fallschirm<\/td>\n<td valign=\"top\">\u00a0<\/td>\n<\/tr>\n<tr>\n<td valign=\"top\"><a href=\"javascript:secureDecryptAndNavigate('EeztT2xt1MX5y3IUTKmJ236IrcpZVjleCSEKn8IUqisZPTNLF9BZ\/T7x+RO+cut0OTfp9+3XsIhuwS7sVi2vgB75jbllsJgzrOhutdxEfngN', 'e8180b3137ec516c83b976949f08eae6f863a30dbc7678bf74b9c3492e858750')\">UL-Sportverein e.V.<\/a><\/td>\n<td valign=\"top\">Ultraleicht<\/td>\n<td valign=\"top\">Verkehrslandeplatz Weser-W\u00fcmme<\/td>\n<\/tr>\n<\/tbody>\n<\/table>\n\n\n<p><\/p>\n","protected":false},"excerpt":{"rendered":"<p>Verein Sparten Gel\u00e4nde Aeroclub Bremen e.V. Motorsegler Atlas Airfield, Ganderkesee Aero-Club Bremerhaven e.V. Motorflug Seeflughafen Nordholz AIRBUS Flugsportgruppe Bremen e.V. Motorflug Verkehrslandeplatz Weser-W\u00fcmme Airbus Segelfluggemeinschaft Bremen e.V. Segelflug Segelflugplatz Tarmstedt Bremer Verein f\u00fcr Luftfahrt e.V. Motorflug Flughafen Bremen Segelflug Segelfluggel\u00e4nde Osterholz-Scharmbeck Ultraleicht Flugplatz Rotenburg (W\u00fcmme) Fallschirmsport Bremen e.V. Fallschirm \u00a0 Flugsportverein Albatros e.V. Modellflug Modellfluggel\u00e4nde\u00a0Okel &hellip;<br \/><a href=\"https:\/\/daec-bremen.de\/?page_id=80\">Read more <span class=\"meta-nav\">&rarr;<\/span><\/a><\/p>\n","protected":false},"author":1,"featured_media":0,"parent":0,"menu_order":0,"comment_status":"closed","ping_status":"closed","template":"","meta":{"footnotes":""},"class_list":["post-80","page","type-page","status-publish","hentry"],"_links":{"self":[{"href":"https:\/\/daec-bremen.de\/index.php?rest_route=\/wp\/v2\/pages\/80","targetHints":{"allow":["GET"]}}],"collection":[{"href":"https:\/\/daec-bremen.de\/index.php?rest_route=\/wp\/v2\/pages"}],"about":[{"href":"https:\/\/daec-bremen.de\/index.php?rest_route=\/wp\/v2\/types\/page"}],"author":[{"embeddable":true,"href":"https:\/\/daec-bremen.de\/index.php?rest_route=\/wp\/v2\/users\/1"}],"replies":[{"embeddable":true,"href":"https:\/\/daec-bremen.de\/index.php?rest_route=%2Fwp%2Fv2%2Fcomments&post=80"}],"version-history":[{"count":20,"href":"https:\/\/daec-bremen.de\/index.php?rest_route=\/wp\/v2\/pages\/80\/revisions"}],"predecessor-version":[{"id":159,"href":"https:\/\/daec-bremen.de\/index.php?rest_route=\/wp\/v2\/pages\/80\/revisions\/159"}],"wp:attachment":[{"href":"https:\/\/daec-bremen.de\/index.php?rest_route=%2Fwp%2Fv2%2Fmedia&parent=80"}],"curies":[{"name":"wp","href":"https:\/\/api.w.org\/{rel}","templated":true}]}}